{"id":3250,"date":"2025-12-08T12:10:39","date_gmt":"2025-12-08T12:10:39","guid":{"rendered":"https:\/\/educatrader.com\/trading-calculators\/"},"modified":"2025-12-10T12:35:14","modified_gmt":"2025-12-10T12:35:14","slug":"trading-calculators","status":"publish","type":"page","link":"https:\/\/staging.educatrader.com\/pt-br\/trading-calculators\/","title":{"rendered":"Trading Calculators"},"content":{"rendered":"\t\t<div data-elementor-type=\"wp-page\" data-elementor-id=\"3250\" class=\"elementor elementor-3250 elementor-3188\" data-elementor-settings=\"{&quot;element_pack_global_tooltip_width&quot;:{&quot;unit&quot;:&quot;px&quot;,&quot;size&quot;:&quot;&quot;,&quot;sizes&quot;:[]},&quot;element_pack_global_tooltip_width_tablet&quot;:{&quot;unit&quot;:&quot;px&quot;,&quot;size&quot;:&quot;&quot;,&quot;sizes&quot;:[]},&quot;element_pack_global_tooltip_width_mobile&quot;:{&quot;unit&quot;:&quot;px&quot;,&quot;size&quot;:&quot;&quot;,&quot;sizes&quot;:[]},&quot;element_pack_global_tooltip_padding&quot;:{&quot;unit&quot;:&quot;px&quot;,&quot;top&quot;:&quot;&quot;,&quot;right&quot;:&quot;&quot;,&quot;bottom&quot;:&quot;&quot;,&quot;left&quot;:&quot;&quot;,&quot;isLinked&quot;:true},&quot;element_pack_global_tooltip_padding_tablet&quot;:{&quot;unit&quot;:&quot;px&quot;,&quot;top&quot;:&quot;&quot;,&quot;right&quot;:&quot;&quot;,&quot;bottom&quot;:&quot;&quot;,&quot;left&quot;:&quot;&quot;,&quot;isLinked&quot;:true},&quot;element_pack_global_tooltip_padding_mobile&quot;:{&quot;unit&quot;:&quot;px&quot;,&quot;top&quot;:&quot;&quot;,&quot;right&quot;:&quot;&quot;,&quot;bottom&quot;:&quot;&quot;,&quot;left&quot;:&quot;&quot;,&quot;isLinked&quot;:true},&quot;element_pack_global_tooltip_border_radius&quot;:{&quot;unit&quot;:&quot;px&quot;,&quot;top&quot;:&quot;&quot;,&quot;right&quot;:&quot;&quot;,&quot;bottom&quot;:&quot;&quot;,&quot;left&quot;:&quot;&quot;,&quot;isLinked&quot;:true},&quot;element_pack_global_tooltip_border_radius_tablet&quot;:{&quot;unit&quot;:&quot;px&quot;,&quot;top&quot;:&quot;&quot;,&quot;right&quot;:&quot;&quot;,&quot;bottom&quot;:&quot;&quot;,&quot;left&quot;:&quot;&quot;,&quot;isLinked&quot;:true},&quot;element_pack_global_tooltip_border_radius_mobile&quot;:{&quot;unit&quot;:&quot;px&quot;,&quot;top&quot;:&quot;&quot;,&quot;right&quot;:&quot;&quot;,&quot;bottom&quot;:&quot;&quot;,&quot;left&quot;:&quot;&quot;,&quot;isLinked&quot;:true}}\" data-elementor-post-type=\"page\">\n\t\t\t\t\t\t<div class=\"elementor-section elementor-top-section elementor-element elementor-element-499ab3d9 elementor-section-boxed elementor-section-height-default elementor-section-height-default\" data-id=\"499ab3d9\" data-element_type=\"section\" data-e-type=\"section\" id=\"books\" data-settings=\"{&quot;background_background&quot;:&quot;classic&quot;}\">\n\t\t\t\t\t\t<div class=\"elementor-container elementor-column-gap-default\">\n\t\t\t\t\t<div class=\"elementor-column elementor-col-100 elementor-top-column elementor-element elementor-element-3321e816\" data-id=\"3321e816\" data-element_type=\"column\" data-e-type=\"column\">\n\t\t\t<div class=\"elementor-widget-wrap elementor-element-populated\">\n\t\t\t\t\t\t<div class=\"elementor-element elementor-element-4f69e3e9  ui-split-animate ui-splitby-chars elementor-widget elementor-widget-heading\" data-id=\"4f69e3e9\" data-element_type=\"widget\" data-e-type=\"widget\" data-settings=\"{&quot;ui_animate_split&quot;:&quot;ui-split-animate&quot;,&quot;ui_animate_split_by&quot;:&quot;chars&quot;,&quot;ui_animate_split_style&quot;:&quot;fadeInUp&quot;}\" data-widget_type=\"heading.default\">\n\t\t\t\t\t<h2 class=\"elementor-heading-title elementor-size-default\">Calcule Seus Lucros &amp; Perdas em CFD<\/h2>\t\t\t\t<\/div>\n\t\t\t\t<div class=\"elementor-element elementor-element-148aed34 elementor-widget__width-initial elementor-widget elementor-widget-text-editor\" data-id=\"148aed34\" data-element_type=\"widget\" data-e-type=\"widget\" data-widget_type=\"text-editor.default\">\n\t\t\t\t\t\t\t\t\t<p>Nossa Calculadora de Lucros\/Perdas em CFD ajuda voc\u00ea a entender rapidamente quanto poderia potencialmente ganhar ou perder em uma opera\u00e7\u00e3o antes de arriscar dinheiro real. Insira os detalhes da sua opera\u00e7\u00e3o e obtenha resultados instant\u00e2neos para tomar decis\u00f5es de trading mais confiantes e informadas. <\/p>\t\t\t\t\t\t\t\t<\/div>\n\t\t\t\t<div class=\"elementor-element elementor-element-fecd730 elementor-widget elementor-widget-html\" data-id=\"fecd730\" data-element_type=\"widget\" data-e-type=\"widget\" data-widget_type=\"html.default\">\n\t\t\t\t\t<iframe src=\"https:\/\/widget.newsfactory.tv\/calculators\/240\/EducaTrader\/395\/stop-loss-take-profit\" width=\"100%\" height=\"500\" frameborder=\"0\" scrolling=\"no\"><\/iframe>\r\n\r\n\t\t\t\t<\/div>\n\t\t\t\t\t<\/div>\n\t\t<\/div>\n\t\t\t\t\t<\/div>\n\t\t<\/div>\n\t\t<div class=\"elementor-element elementor-element-97d0ff6 e-flex e-con-boxed e-con e-parent\" data-id=\"97d0ff6\" data-element_type=\"container\" data-e-type=\"container\" data-settings=\"{&quot;background_background&quot;:&quot;gradient&quot;}\">\n\t\t\t\t\t<div class=\"e-con-inner\">\n\t\t<div class=\"elementor-element elementor-element-204e2c34 e-con-full e-flex e-con e-child\" data-id=\"204e2c34\" data-element_type=\"container\" data-e-type=\"container\">\n\t\t<div class=\"elementor-element elementor-element-48691a62 e-con-full e-flex e-con e-child\" data-id=\"48691a62\" data-element_type=\"container\" data-e-type=\"container\" data-settings=\"{&quot;background_background&quot;:&quot;classic&quot;}\">\n\t\t<div class=\"elementor-element elementor-element-264ab37f e-con-full e-flex e-con e-child\" data-id=\"264ab37f\" data-element_type=\"container\" data-e-type=\"container\">\n\t\t\t\t<div class=\"elementor-element elementor-element-737a1e0b elementor-widget__width-initial elementor-widget-tablet__width-initial elementor-widget elementor-widget-heading\" data-id=\"737a1e0b\" data-element_type=\"widget\" data-e-type=\"widget\" data-widget_type=\"heading.default\">\n\t\t\t\t\t<h2 class=\"elementor-heading-title elementor-size-default\">Junte-se \u00e0 EducaTrader e aprenda a negociar com sabedoria<\/h2>\t\t\t\t<\/div>\n\t\t\t\t<div class=\"elementor-element elementor-element-526db7fc elementor-widget__width-initial elementor-widget-tablet__width-initial elementor-widget elementor-widget-text-editor\" data-id=\"526db7fc\" data-element_type=\"widget\" data-e-type=\"widget\" data-widget_type=\"text-editor.default\">\n\t\t\t\t\t\t\t\t\t<p>Acesse cursos \u2014 todos desenvolvidos para traders em qualquer n\u00edvel de experi\u00eancia.<\/p>\t\t\t\t\t\t\t\t<\/div>\n\t\t\t\t<\/div>\n\t\t<div class=\"elementor-element elementor-element-6f37579b e-con-full e-flex e-con e-child\" data-id=\"6f37579b\" data-element_type=\"container\" data-e-type=\"container\" data-settings=\"{&quot;background_background&quot;:&quot;classic&quot;}\">\n\t\t\t\t<div class=\"elementor-element elementor-element-2d63cc elementor-widget elementor-widget-heading\" data-id=\"2d63cc\" data-element_type=\"widget\" data-e-type=\"widget\" data-widget_type=\"heading.default\">\n\t\t\t\t\t<h4 class=\"elementor-heading-title elementor-size-default\">Por favor, preencha as informa\u00e7\u00f5es abaixo<\/h4>\t\t\t\t<\/div>\n\t\t\t\t<div class=\"elementor-element elementor-element-b9b8803 elementor-widget elementor-widget-html\" data-id=\"b9b8803\" data-element_type=\"widget\" data-e-type=\"widget\" data-widget_type=\"html.default\">\n\t\t\t\t\t<iframe\n  src=\"https:\/\/s3.sa-east-1.amazonaws.com\/educatrader.com\/educa-from-register.html?lang=pt\"\n  class=\"my-form-iframe\" width=\"100%\" height=\"530\" overflow=\"hidden\" loading=\"lazy\">\n<\/iframe>\t\t\t\t<\/div>\n\t\t\t\t<\/div>\n\t\t\t\t<\/div>\n\t\t\t\t<\/div>\n\t\t\t\t\t<\/div>\n\t\t\t\t<\/div>\n\t\t<div class=\"elementor-element elementor-element-0215f2a e-flex e-con-boxed e-con e-parent\" data-id=\"0215f2a\" data-element_type=\"container\" data-e-type=\"container\">\n\t\t\t\t\t<div class=\"e-con-inner\">\n\t\t\t\t\t<\/div>\n\t\t\t\t<\/div>\n\t\t\t\t<\/div>\n\t\t","protected":false},"excerpt":{"rendered":"<p>Calcule Seus Lucros &amp; Perdas em CFD Nossa Calculadora de Lucros\/Perdas em CFD ajuda voc\u00ea a entender rapidamente quanto poderia potencialmente ganhar [&hellip;]<\/p>\n","protected":false},"author":1,"featured_media":2581,"parent":0,"menu_order":0,"comment_status":"closed","ping_status":"closed","template":"elementor_header_footer","meta":{"footnotes":""},"class_list":["post-3250","page","type-page","status-publish","has-post-thumbnail","hentry"],"yoast_head":"<!-- This site is optimized with the Yoast SEO plugin v27.4 - https:\/\/yoast.com\/product\/yoast-seo-wordpress\/ -->\n<title>Trading Calculators - Investimentos futuros<\/title>\n<meta name=\"description\" content=\"Aprenda como funcionam os lucros e perdas no trading de CFDs com nossa calculadora f\u00e1cil de usar. Estime resultados, controle riscos e opere com confian\u00e7a.\" \/>\n<meta name=\"robots\" content=\"noindex, follow, max-snippet:-1, max-image-preview:large, max-video-preview:-1\" \/>\n<meta property=\"og:locale\" content=\"pt_BR\" \/>\n<meta property=\"og:type\" content=\"article\" \/>\n<meta property=\"og:title\" content=\"Trading Calculators - Investimentos futuros\" \/>\n<meta property=\"og:description\" content=\"Aprenda como funcionam os lucros e perdas no trading de CFDs com nossa calculadora f\u00e1cil de usar. Estime resultados, controle riscos e opere com confian\u00e7a.\" \/>\n<meta property=\"og:url\" content=\"https:\/\/staging.educatrader.com\/pt-br\/trading-calculators\/\" \/>\n<meta property=\"og:site_name\" content=\"Investimentos futuros\" \/>\n<meta property=\"article:modified_time\" content=\"2025-12-10T12:35:14+00:00\" \/>\n<meta property=\"og:image\" content=\"https:\/\/staging.educatrader.com\/wp-content\/uploads\/2025\/10\/og.png\" \/>\n\t<meta property=\"og:image:width\" content=\"1200\" \/>\n\t<meta property=\"og:image:height\" content=\"630\" \/>\n\t<meta property=\"og:image:type\" content=\"image\/png\" \/>\n<meta name=\"twitter:card\" content=\"summary_large_image\" \/>\n<meta name=\"twitter:label1\" content=\"Est. tempo de leitura\" \/>\n\t<meta name=\"twitter:data1\" content=\"1 minuto\" \/>\n<script type=\"application\/ld+json\" class=\"yoast-schema-graph\">{\"@context\":\"https:\\\/\\\/schema.org\",\"@graph\":[{\"@type\":\"WebPage\",\"@id\":\"https:\\\/\\\/staging.educatrader.com\\\/pt-br\\\/trading-calculators\\\/\",\"url\":\"https:\\\/\\\/staging.educatrader.com\\\/pt-br\\\/trading-calculators\\\/\",\"name\":\"Trading Calculators - Investimentos futuros\",\"isPartOf\":{\"@id\":\"https:\\\/\\\/staging.educatrader.com\\\/pt-br\\\/#website\"},\"primaryImageOfPage\":{\"@id\":\"https:\\\/\\\/staging.educatrader.com\\\/pt-br\\\/trading-calculators\\\/#primaryimage\"},\"image\":{\"@id\":\"https:\\\/\\\/staging.educatrader.com\\\/pt-br\\\/trading-calculators\\\/#primaryimage\"},\"thumbnailUrl\":\"https:\\\/\\\/staging.educatrader.com\\\/wp-content\\\/uploads\\\/2025\\\/10\\\/og.png\",\"datePublished\":\"2025-12-08T12:10:39+00:00\",\"dateModified\":\"2025-12-10T12:35:14+00:00\",\"description\":\"Aprenda como funcionam os lucros e perdas no trading de CFDs com nossa calculadora f\u00e1cil de usar. Estime resultados, controle riscos e opere com confian\u00e7a.\",\"breadcrumb\":{\"@id\":\"https:\\\/\\\/staging.educatrader.com\\\/pt-br\\\/trading-calculators\\\/#breadcrumb\"},\"inLanguage\":\"pt-BR\",\"potentialAction\":[{\"@type\":\"ReadAction\",\"target\":[\"https:\\\/\\\/staging.educatrader.com\\\/pt-br\\\/trading-calculators\\\/\"]}]},{\"@type\":\"ImageObject\",\"inLanguage\":\"pt-BR\",\"@id\":\"https:\\\/\\\/staging.educatrader.com\\\/pt-br\\\/trading-calculators\\\/#primaryimage\",\"url\":\"https:\\\/\\\/staging.educatrader.com\\\/wp-content\\\/uploads\\\/2025\\\/10\\\/og.png\",\"contentUrl\":\"https:\\\/\\\/staging.educatrader.com\\\/wp-content\\\/uploads\\\/2025\\\/10\\\/og.png\",\"width\":1200,\"height\":630},{\"@type\":\"BreadcrumbList\",\"@id\":\"https:\\\/\\\/staging.educatrader.com\\\/pt-br\\\/trading-calculators\\\/#breadcrumb\",\"itemListElement\":[{\"@type\":\"ListItem\",\"position\":1,\"name\":\"In\u00edcio\",\"item\":\"https:\\\/\\\/staging.educatrader.com\\\/pt-br\\\/\"},{\"@type\":\"ListItem\",\"position\":2,\"name\":\"Trading Calculators\"}]},{\"@type\":\"WebSite\",\"@id\":\"https:\\\/\\\/staging.educatrader.com\\\/pt-br\\\/#website\",\"url\":\"https:\\\/\\\/staging.educatrader.com\\\/pt-br\\\/\",\"name\":\"Investimentos futuros\",\"description\":\"\",\"potentialAction\":[{\"@type\":\"SearchAction\",\"target\":{\"@type\":\"EntryPoint\",\"urlTemplate\":\"https:\\\/\\\/staging.educatrader.com\\\/pt-br\\\/?s={search_term_string}\"},\"query-input\":{\"@type\":\"PropertyValueSpecification\",\"valueRequired\":true,\"valueName\":\"search_term_string\"}}],\"inLanguage\":\"pt-BR\"}]}<\/script>\n<!-- \/ Yoast SEO plugin. -->","yoast_head_json":{"title":"Trading Calculators - Investimentos futuros","description":"Aprenda como funcionam os lucros e perdas no trading de CFDs com nossa calculadora f\u00e1cil de usar. Estime resultados, controle riscos e opere com confian\u00e7a.","robots":{"index":"noindex","follow":"follow","max-snippet":"max-snippet:-1","max-image-preview":"max-image-preview:large","max-video-preview":"max-video-preview:-1"},"og_locale":"pt_BR","og_type":"article","og_title":"Trading Calculators - Investimentos futuros","og_description":"Aprenda como funcionam os lucros e perdas no trading de CFDs com nossa calculadora f\u00e1cil de usar. Estime resultados, controle riscos e opere com confian\u00e7a.","og_url":"https:\/\/staging.educatrader.com\/pt-br\/trading-calculators\/","og_site_name":"Investimentos futuros","article_modified_time":"2025-12-10T12:35:14+00:00","og_image":[{"width":1200,"height":630,"url":"https:\/\/staging.educatrader.com\/wp-content\/uploads\/2025\/10\/og.png","type":"image\/png"}],"twitter_card":"summary_large_image","twitter_misc":{"Est. tempo de leitura":"1 minuto"},"schema":{"@context":"https:\/\/schema.org","@graph":[{"@type":"WebPage","@id":"https:\/\/staging.educatrader.com\/pt-br\/trading-calculators\/","url":"https:\/\/staging.educatrader.com\/pt-br\/trading-calculators\/","name":"Trading Calculators - Investimentos futuros","isPartOf":{"@id":"https:\/\/staging.educatrader.com\/pt-br\/#website"},"primaryImageOfPage":{"@id":"https:\/\/staging.educatrader.com\/pt-br\/trading-calculators\/#primaryimage"},"image":{"@id":"https:\/\/staging.educatrader.com\/pt-br\/trading-calculators\/#primaryimage"},"thumbnailUrl":"https:\/\/staging.educatrader.com\/wp-content\/uploads\/2025\/10\/og.png","datePublished":"2025-12-08T12:10:39+00:00","dateModified":"2025-12-10T12:35:14+00:00","description":"Aprenda como funcionam os lucros e perdas no trading de CFDs com nossa calculadora f\u00e1cil de usar. Estime resultados, controle riscos e opere com confian\u00e7a.","breadcrumb":{"@id":"https:\/\/staging.educatrader.com\/pt-br\/trading-calculators\/#breadcrumb"},"inLanguage":"pt-BR","potentialAction":[{"@type":"ReadAction","target":["https:\/\/staging.educatrader.com\/pt-br\/trading-calculators\/"]}]},{"@type":"ImageObject","inLanguage":"pt-BR","@id":"https:\/\/staging.educatrader.com\/pt-br\/trading-calculators\/#primaryimage","url":"https:\/\/staging.educatrader.com\/wp-content\/uploads\/2025\/10\/og.png","contentUrl":"https:\/\/staging.educatrader.com\/wp-content\/uploads\/2025\/10\/og.png","width":1200,"height":630},{"@type":"BreadcrumbList","@id":"https:\/\/staging.educatrader.com\/pt-br\/trading-calculators\/#breadcrumb","itemListElement":[{"@type":"ListItem","position":1,"name":"In\u00edcio","item":"https:\/\/staging.educatrader.com\/pt-br\/"},{"@type":"ListItem","position":2,"name":"Trading Calculators"}]},{"@type":"WebSite","@id":"https:\/\/staging.educatrader.com\/pt-br\/#website","url":"https:\/\/staging.educatrader.com\/pt-br\/","name":"Investimentos futuros","description":"","potentialAction":[{"@type":"SearchAction","target":{"@type":"EntryPoint","urlTemplate":"https:\/\/staging.educatrader.com\/pt-br\/?s={search_term_string}"},"query-input":{"@type":"PropertyValueSpecification","valueRequired":true,"valueName":"search_term_string"}}],"inLanguage":"pt-BR"}]}},"_links":{"self":[{"href":"https:\/\/staging.educatrader.com\/pt-br\/wp-json\/wp\/v2\/pages\/3250","targetHints":{"allow":["GET"]}}],"collection":[{"href":"https:\/\/staging.educatrader.com\/pt-br\/wp-json\/wp\/v2\/pages"}],"about":[{"href":"https:\/\/staging.educatrader.com\/pt-br\/wp-json\/wp\/v2\/types\/page"}],"author":[{"embeddable":true,"href":"https:\/\/staging.educatrader.com\/pt-br\/wp-json\/wp\/v2\/users\/1"}],"replies":[{"embeddable":true,"href":"https:\/\/staging.educatrader.com\/pt-br\/wp-json\/wp\/v2\/comments?post=3250"}],"version-history":[{"count":9,"href":"https:\/\/staging.educatrader.com\/pt-br\/wp-json\/wp\/v2\/pages\/3250\/revisions"}],"predecessor-version":[{"id":3700,"href":"https:\/\/staging.educatrader.com\/pt-br\/wp-json\/wp\/v2\/pages\/3250\/revisions\/3700"}],"wp:featuredmedia":[{"embeddable":true,"href":"https:\/\/staging.educatrader.com\/pt-br\/wp-json\/wp\/v2\/media\/2581"}],"wp:attachment":[{"href":"https:\/\/staging.educatrader.com\/pt-br\/wp-json\/wp\/v2\/media?parent=3250"}],"curies":[{"name":"wp","href":"https:\/\/api.w.org\/{rel}","templated":true}]}}