{"id":3237,"date":"2025-12-08T12:29:14","date_gmt":"2025-12-08T12:29:14","guid":{"rendered":"https:\/\/educatrader.com\/economic-calendar\/"},"modified":"2025-12-10T12:22:13","modified_gmt":"2025-12-10T12:22:13","slug":"economic-calendar","status":"publish","type":"page","link":"https:\/\/staging.educatrader.com\/pt-br\/economic-calendar\/","title":{"rendered":"Calend\u00e1rio Econ\u00f4mico"},"content":{"rendered":"\t\t<div data-elementor-type=\"wp-page\" data-elementor-id=\"3237\" class=\"elementor elementor-3237 elementor-3204\" data-elementor-settings=\"{&quot;element_pack_global_tooltip_width&quot;:{&quot;unit&quot;:&quot;px&quot;,&quot;size&quot;:&quot;&quot;,&quot;sizes&quot;:[]},&quot;element_pack_global_tooltip_width_tablet&quot;:{&quot;unit&quot;:&quot;px&quot;,&quot;size&quot;:&quot;&quot;,&quot;sizes&quot;:[]},&quot;element_pack_global_tooltip_width_mobile&quot;:{&quot;unit&quot;:&quot;px&quot;,&quot;size&quot;:&quot;&quot;,&quot;sizes&quot;:[]},&quot;element_pack_global_tooltip_padding&quot;:{&quot;unit&quot;:&quot;px&quot;,&quot;top&quot;:&quot;&quot;,&quot;right&quot;:&quot;&quot;,&quot;bottom&quot;:&quot;&quot;,&quot;left&quot;:&quot;&quot;,&quot;isLinked&quot;:true},&quot;element_pack_global_tooltip_padding_tablet&quot;:{&quot;unit&quot;:&quot;px&quot;,&quot;top&quot;:&quot;&quot;,&quot;right&quot;:&quot;&quot;,&quot;bottom&quot;:&quot;&quot;,&quot;left&quot;:&quot;&quot;,&quot;isLinked&quot;:true},&quot;element_pack_global_tooltip_padding_mobile&quot;:{&quot;unit&quot;:&quot;px&quot;,&quot;top&quot;:&quot;&quot;,&quot;right&quot;:&quot;&quot;,&quot;bottom&quot;:&quot;&quot;,&quot;left&quot;:&quot;&quot;,&quot;isLinked&quot;:true},&quot;element_pack_global_tooltip_border_radius&quot;:{&quot;unit&quot;:&quot;px&quot;,&quot;top&quot;:&quot;&quot;,&quot;right&quot;:&quot;&quot;,&quot;bottom&quot;:&quot;&quot;,&quot;left&quot;:&quot;&quot;,&quot;isLinked&quot;:true},&quot;element_pack_global_tooltip_border_radius_tablet&quot;:{&quot;unit&quot;:&quot;px&quot;,&quot;top&quot;:&quot;&quot;,&quot;right&quot;:&quot;&quot;,&quot;bottom&quot;:&quot;&quot;,&quot;left&quot;:&quot;&quot;,&quot;isLinked&quot;:true},&quot;element_pack_global_tooltip_border_radius_mobile&quot;:{&quot;unit&quot;:&quot;px&quot;,&quot;top&quot;:&quot;&quot;,&quot;right&quot;:&quot;&quot;,&quot;bottom&quot;:&quot;&quot;,&quot;left&quot;:&quot;&quot;,&quot;isLinked&quot;:true}}\" data-elementor-post-type=\"page\">\n\t\t\t\t\t\t<div class=\"elementor-section elementor-top-section elementor-element elementor-element-499ab3d9 elementor-section-boxed elementor-section-height-default elementor-section-height-default\" data-id=\"499ab3d9\" data-element_type=\"section\" data-e-type=\"section\" id=\"books\" data-settings=\"{&quot;background_background&quot;:&quot;classic&quot;}\">\n\t\t\t\t\t\t<div class=\"elementor-container elementor-column-gap-default\">\n\t\t\t\t\t<div class=\"elementor-column elementor-col-100 elementor-top-column elementor-element elementor-element-3321e816\" data-id=\"3321e816\" data-element_type=\"column\" data-e-type=\"column\">\n\t\t\t<div class=\"elementor-widget-wrap elementor-element-populated\">\n\t\t\t\t\t\t<div class=\"elementor-element elementor-element-4f69e3e9  ui-split-animate ui-splitby-chars elementor-widget elementor-widget-heading\" data-id=\"4f69e3e9\" data-element_type=\"widget\" data-e-type=\"widget\" data-settings=\"{&quot;ui_animate_split&quot;:&quot;ui-split-animate&quot;,&quot;ui_animate_split_by&quot;:&quot;chars&quot;,&quot;ui_animate_split_style&quot;:&quot;fadeInUp&quot;}\" data-widget_type=\"heading.default\">\n\t\t\t\t\t<h2 class=\"elementor-heading-title elementor-size-default\">Mantenha-se \u00e0 Frente com o Calend\u00e1rio Econ\u00f4mico ao Vivo<\/h2>\t\t\t\t<\/div>\n\t\t\t\t<div class=\"elementor-element elementor-element-148aed34 elementor-widget__width-initial elementor-widget elementor-widget-text-editor\" data-id=\"148aed34\" data-element_type=\"widget\" data-e-type=\"widget\" data-widget_type=\"text-editor.default\">\n\t\t\t\t\t\t\t\t\t<p>Planeje suas negocia\u00e7\u00f5es com confian\u00e7a acompanhando os eventos econ\u00f4micos mais importantes que influenciam forex, \u00edndices e CFDs. Nosso Calend\u00e1rio Econ\u00f4mico em tempo real ajuda voc\u00ea a antecipar a volatilidade e gerenciar o risco de forma mais eficaz. <\/p>\t\t\t\t\t\t\t\t<\/div>\n\t\t\t\t<div class=\"elementor-element elementor-element-fecd730 elementor-widget elementor-widget-html\" data-id=\"fecd730\" data-element_type=\"widget\" data-e-type=\"widget\" data-widget_type=\"html.default\">\n\t\t\t\t\t<iframe src=\"https:\/\/widget.newsfactory.tv\/calculators\/240\/EducaTrader\/395\/economic-calendar\" width=\"100%\" height=\"800\" frameborder=\"0\" scrolling=\"no\"><\/iframe>\r\n\r\n\t\t\t\t<\/div>\n\t\t\t\t\t<\/div>\n\t\t<\/div>\n\t\t\t\t\t<\/div>\n\t\t<\/div>\n\t\t<div class=\"elementor-element elementor-element-97d0ff6 e-flex e-con-boxed e-con e-parent\" data-id=\"97d0ff6\" data-element_type=\"container\" data-e-type=\"container\" data-settings=\"{&quot;background_background&quot;:&quot;gradient&quot;}\">\n\t\t\t\t\t<div class=\"e-con-inner\">\n\t\t<div class=\"elementor-element elementor-element-204e2c34 e-con-full e-flex e-con e-child\" data-id=\"204e2c34\" data-element_type=\"container\" data-e-type=\"container\">\n\t\t<div class=\"elementor-element elementor-element-48691a62 e-con-full e-flex e-con e-child\" data-id=\"48691a62\" data-element_type=\"container\" data-e-type=\"container\" data-settings=\"{&quot;background_background&quot;:&quot;classic&quot;}\">\n\t\t<div class=\"elementor-element elementor-element-264ab37f e-con-full e-flex e-con e-child\" data-id=\"264ab37f\" data-element_type=\"container\" data-e-type=\"container\">\n\t\t\t\t<div class=\"elementor-element elementor-element-737a1e0b elementor-widget__width-initial elementor-widget-tablet__width-initial elementor-widget elementor-widget-heading\" data-id=\"737a1e0b\" data-element_type=\"widget\" data-e-type=\"widget\" data-widget_type=\"heading.default\">\n\t\t\t\t\t<h2 class=\"elementor-heading-title elementor-size-default\">Junte-se \u00e0 EducaTrader e aprenda a negociar com sabedoria<\/h2>\t\t\t\t<\/div>\n\t\t\t\t<div class=\"elementor-element elementor-element-526db7fc elementor-widget__width-initial elementor-widget-tablet__width-initial elementor-widget elementor-widget-text-editor\" data-id=\"526db7fc\" data-element_type=\"widget\" data-e-type=\"widget\" data-widget_type=\"text-editor.default\">\n\t\t\t\t\t\t\t\t\t<p>Acesse cursos \u2014 todos desenvolvidos para traders em qualquer n\u00edvel de experi\u00eancia.<\/p>\t\t\t\t\t\t\t\t<\/div>\n\t\t\t\t<\/div>\n\t\t<div class=\"elementor-element elementor-element-6f37579b e-con-full e-flex e-con e-child\" data-id=\"6f37579b\" data-element_type=\"container\" data-e-type=\"container\" data-settings=\"{&quot;background_background&quot;:&quot;classic&quot;}\">\n\t\t\t\t<div class=\"elementor-element elementor-element-2d63cc elementor-widget elementor-widget-heading\" data-id=\"2d63cc\" data-element_type=\"widget\" data-e-type=\"widget\" data-widget_type=\"heading.default\">\n\t\t\t\t\t<h4 class=\"elementor-heading-title elementor-size-default\">Por favor, preencha as informa\u00e7\u00f5es abaixo<\/h4>\t\t\t\t<\/div>\n\t\t\t\t<div class=\"elementor-element elementor-element-d3f2006 elementor-widget elementor-widget-html\" data-id=\"d3f2006\" data-element_type=\"widget\" data-e-type=\"widget\" data-widget_type=\"html.default\">\n\t\t\t\t\t<iframe\n  src=\"https:\/\/s3.sa-east-1.amazonaws.com\/educatrader.com\/educa-from-register.html?lang=pt\"\n  class=\"my-form-iframe\" width=\"100%\" height=\"530\" overflow=\"hidden\" loading=\"lazy\">\n<\/iframe>\t\t\t\t<\/div>\n\t\t\t\t<\/div>\n\t\t\t\t<\/div>\n\t\t\t\t<\/div>\n\t\t\t\t\t<\/div>\n\t\t\t\t<\/div>\n\t\t<div class=\"elementor-element elementor-element-0215f2a e-flex e-con-boxed e-con e-parent\" data-id=\"0215f2a\" data-element_type=\"container\" data-e-type=\"container\">\n\t\t\t\t\t<div class=\"e-con-inner\">\n\t\t\t\t\t<\/div>\n\t\t\t\t<\/div>\n\t\t\t\t<\/div>\n\t\t","protected":false},"excerpt":{"rendered":"<p>Mantenha-se \u00e0 Frente com o Calend\u00e1rio Econ\u00f4mico ao Vivo Planeje suas negocia\u00e7\u00f5es com confian\u00e7a acompanhando os eventos econ\u00f4micos mais importantes que influenciam [&hellip;]<\/p>\n","protected":false},"author":1,"featured_media":2581,"parent":0,"menu_order":0,"comment_status":"closed","ping_status":"closed","template":"elementor_header_footer","meta":{"footnotes":""},"class_list":["post-3237","page","type-page","status-publish","has-post-thumbnail","hentry"],"yoast_head":"<!-- This site is optimized with the Yoast SEO plugin v27.3 - https:\/\/yoast.com\/product\/yoast-seo-wordpress\/ -->\n<title>Calend\u00e1rio Econ\u00f4mico - Investimentos futuros<\/title>\n<meta name=\"robots\" content=\"noindex, follow, max-snippet:-1, max-image-preview:large, max-video-preview:-1\" \/>\n<meta property=\"og:locale\" content=\"pt_BR\" \/>\n<meta property=\"og:type\" content=\"article\" \/>\n<meta property=\"og:title\" content=\"Calend\u00e1rio Econ\u00f4mico - Investimentos futuros\" \/>\n<meta property=\"og:description\" content=\"Mantenha-se \u00e0 Frente com o Calend\u00e1rio Econ\u00f4mico ao Vivo Planeje suas negocia\u00e7\u00f5es com confian\u00e7a acompanhando os eventos econ\u00f4micos mais importantes que influenciam [&hellip;]\" \/>\n<meta property=\"og:url\" content=\"https:\/\/staging.educatrader.com\/pt-br\/economic-calendar\/\" \/>\n<meta property=\"og:site_name\" content=\"Investimentos futuros\" \/>\n<meta property=\"article:modified_time\" content=\"2025-12-10T12:22:13+00:00\" \/>\n<meta property=\"og:image\" content=\"https:\/\/staging.educatrader.com\/wp-content\/uploads\/2025\/10\/og.png\" \/>\n\t<meta property=\"og:image:width\" content=\"1200\" \/>\n\t<meta property=\"og:image:height\" content=\"630\" \/>\n\t<meta property=\"og:image:type\" content=\"image\/png\" \/>\n<meta name=\"twitter:card\" content=\"summary_large_image\" \/>\n<meta name=\"twitter:label1\" content=\"Est. tempo de leitura\" \/>\n\t<meta name=\"twitter:data1\" content=\"1 minuto\" \/>\n<script type=\"application\/ld+json\" class=\"yoast-schema-graph\">{\"@context\":\"https:\\\/\\\/schema.org\",\"@graph\":[{\"@type\":\"WebPage\",\"@id\":\"https:\\\/\\\/staging.educatrader.com\\\/pt-br\\\/economic-calendar\\\/\",\"url\":\"https:\\\/\\\/staging.educatrader.com\\\/pt-br\\\/economic-calendar\\\/\",\"name\":\"Calend\u00e1rio Econ\u00f4mico - Investimentos futuros\",\"isPartOf\":{\"@id\":\"https:\\\/\\\/staging.educatrader.com\\\/pt-br\\\/#website\"},\"primaryImageOfPage\":{\"@id\":\"https:\\\/\\\/staging.educatrader.com\\\/pt-br\\\/economic-calendar\\\/#primaryimage\"},\"image\":{\"@id\":\"https:\\\/\\\/staging.educatrader.com\\\/pt-br\\\/economic-calendar\\\/#primaryimage\"},\"thumbnailUrl\":\"https:\\\/\\\/staging.educatrader.com\\\/wp-content\\\/uploads\\\/2025\\\/10\\\/og.png\",\"datePublished\":\"2025-12-08T12:29:14+00:00\",\"dateModified\":\"2025-12-10T12:22:13+00:00\",\"breadcrumb\":{\"@id\":\"https:\\\/\\\/staging.educatrader.com\\\/pt-br\\\/economic-calendar\\\/#breadcrumb\"},\"inLanguage\":\"pt-BR\",\"potentialAction\":[{\"@type\":\"ReadAction\",\"target\":[\"https:\\\/\\\/staging.educatrader.com\\\/pt-br\\\/economic-calendar\\\/\"]}]},{\"@type\":\"ImageObject\",\"inLanguage\":\"pt-BR\",\"@id\":\"https:\\\/\\\/staging.educatrader.com\\\/pt-br\\\/economic-calendar\\\/#primaryimage\",\"url\":\"https:\\\/\\\/staging.educatrader.com\\\/wp-content\\\/uploads\\\/2025\\\/10\\\/og.png\",\"contentUrl\":\"https:\\\/\\\/staging.educatrader.com\\\/wp-content\\\/uploads\\\/2025\\\/10\\\/og.png\",\"width\":1200,\"height\":630},{\"@type\":\"BreadcrumbList\",\"@id\":\"https:\\\/\\\/staging.educatrader.com\\\/pt-br\\\/economic-calendar\\\/#breadcrumb\",\"itemListElement\":[{\"@type\":\"ListItem\",\"position\":1,\"name\":\"In\u00edcio\",\"item\":\"https:\\\/\\\/staging.educatrader.com\\\/pt-br\\\/\"},{\"@type\":\"ListItem\",\"position\":2,\"name\":\"Calend\u00e1rio Econ\u00f4mico\"}]},{\"@type\":\"WebSite\",\"@id\":\"https:\\\/\\\/staging.educatrader.com\\\/pt-br\\\/#website\",\"url\":\"https:\\\/\\\/staging.educatrader.com\\\/pt-br\\\/\",\"name\":\"Investimentos futuros\",\"description\":\"\",\"potentialAction\":[{\"@type\":\"SearchAction\",\"target\":{\"@type\":\"EntryPoint\",\"urlTemplate\":\"https:\\\/\\\/staging.educatrader.com\\\/pt-br\\\/?s={search_term_string}\"},\"query-input\":{\"@type\":\"PropertyValueSpecification\",\"valueRequired\":true,\"valueName\":\"search_term_string\"}}],\"inLanguage\":\"pt-BR\"}]}<\/script>\n<!-- \/ Yoast SEO plugin. -->","yoast_head_json":{"title":"Calend\u00e1rio Econ\u00f4mico - Investimentos futuros","robots":{"index":"noindex","follow":"follow","max-snippet":"max-snippet:-1","max-image-preview":"max-image-preview:large","max-video-preview":"max-video-preview:-1"},"og_locale":"pt_BR","og_type":"article","og_title":"Calend\u00e1rio Econ\u00f4mico - Investimentos futuros","og_description":"Mantenha-se \u00e0 Frente com o Calend\u00e1rio Econ\u00f4mico ao Vivo Planeje suas negocia\u00e7\u00f5es com confian\u00e7a acompanhando os eventos econ\u00f4micos mais importantes que influenciam [&hellip;]","og_url":"https:\/\/staging.educatrader.com\/pt-br\/economic-calendar\/","og_site_name":"Investimentos futuros","article_modified_time":"2025-12-10T12:22:13+00:00","og_image":[{"width":1200,"height":630,"url":"https:\/\/staging.educatrader.com\/wp-content\/uploads\/2025\/10\/og.png","type":"image\/png"}],"twitter_card":"summary_large_image","twitter_misc":{"Est. tempo de leitura":"1 minuto"},"schema":{"@context":"https:\/\/schema.org","@graph":[{"@type":"WebPage","@id":"https:\/\/staging.educatrader.com\/pt-br\/economic-calendar\/","url":"https:\/\/staging.educatrader.com\/pt-br\/economic-calendar\/","name":"Calend\u00e1rio Econ\u00f4mico - Investimentos futuros","isPartOf":{"@id":"https:\/\/staging.educatrader.com\/pt-br\/#website"},"primaryImageOfPage":{"@id":"https:\/\/staging.educatrader.com\/pt-br\/economic-calendar\/#primaryimage"},"image":{"@id":"https:\/\/staging.educatrader.com\/pt-br\/economic-calendar\/#primaryimage"},"thumbnailUrl":"https:\/\/staging.educatrader.com\/wp-content\/uploads\/2025\/10\/og.png","datePublished":"2025-12-08T12:29:14+00:00","dateModified":"2025-12-10T12:22:13+00:00","breadcrumb":{"@id":"https:\/\/staging.educatrader.com\/pt-br\/economic-calendar\/#breadcrumb"},"inLanguage":"pt-BR","potentialAction":[{"@type":"ReadAction","target":["https:\/\/staging.educatrader.com\/pt-br\/economic-calendar\/"]}]},{"@type":"ImageObject","inLanguage":"pt-BR","@id":"https:\/\/staging.educatrader.com\/pt-br\/economic-calendar\/#primaryimage","url":"https:\/\/staging.educatrader.com\/wp-content\/uploads\/2025\/10\/og.png","contentUrl":"https:\/\/staging.educatrader.com\/wp-content\/uploads\/2025\/10\/og.png","width":1200,"height":630},{"@type":"BreadcrumbList","@id":"https:\/\/staging.educatrader.com\/pt-br\/economic-calendar\/#breadcrumb","itemListElement":[{"@type":"ListItem","position":1,"name":"In\u00edcio","item":"https:\/\/staging.educatrader.com\/pt-br\/"},{"@type":"ListItem","position":2,"name":"Calend\u00e1rio Econ\u00f4mico"}]},{"@type":"WebSite","@id":"https:\/\/staging.educatrader.com\/pt-br\/#website","url":"https:\/\/staging.educatrader.com\/pt-br\/","name":"Investimentos futuros","description":"","potentialAction":[{"@type":"SearchAction","target":{"@type":"EntryPoint","urlTemplate":"https:\/\/staging.educatrader.com\/pt-br\/?s={search_term_string}"},"query-input":{"@type":"PropertyValueSpecification","valueRequired":true,"valueName":"search_term_string"}}],"inLanguage":"pt-BR"}]}},"_links":{"self":[{"href":"https:\/\/staging.educatrader.com\/pt-br\/wp-json\/wp\/v2\/pages\/3237","targetHints":{"allow":["GET"]}}],"collection":[{"href":"https:\/\/staging.educatrader.com\/pt-br\/wp-json\/wp\/v2\/pages"}],"about":[{"href":"https:\/\/staging.educatrader.com\/pt-br\/wp-json\/wp\/v2\/types\/page"}],"author":[{"embeddable":true,"href":"https:\/\/staging.educatrader.com\/pt-br\/wp-json\/wp\/v2\/users\/1"}],"replies":[{"embeddable":true,"href":"https:\/\/staging.educatrader.com\/pt-br\/wp-json\/wp\/v2\/comments?post=3237"}],"version-history":[{"count":11,"href":"https:\/\/staging.educatrader.com\/pt-br\/wp-json\/wp\/v2\/pages\/3237\/revisions"}],"predecessor-version":[{"id":3677,"href":"https:\/\/staging.educatrader.com\/pt-br\/wp-json\/wp\/v2\/pages\/3237\/revisions\/3677"}],"wp:featuredmedia":[{"embeddable":true,"href":"https:\/\/staging.educatrader.com\/pt-br\/wp-json\/wp\/v2\/media\/2581"}],"wp:attachment":[{"href":"https:\/\/staging.educatrader.com\/pt-br\/wp-json\/wp\/v2\/media?parent=3237"}],"curies":[{"name":"wp","href":"https:\/\/api.w.org\/{rel}","templated":true}]}}